{"id":6755,"date":"2025-06-03T17:17:12","date_gmt":"2025-06-03T22:17:12","guid":{"rendered":"https:\/\/www.consorcioctp.com\/?page_id=6755"},"modified":"2026-01-26T15:20:55","modified_gmt":"2026-01-26T20:20:55","slug":"boton-de-pago","status":"publish","type":"page","link":"https:\/\/www.consorcioctp.com\/index.php\/boton-de-pago\/","title":{"rendered":"Bot\u00f3n de pago"},"content":{"rendered":"\n<div data-elementor-type=\"wp-page\" data-elementor-id=\"6755\" class=\"elementor elementor-6755\">\n<section class=\"elementor-section elementor-top-section elementor-element elementor-element-69ef3d37 elementor-section-boxed elementor-section-height-default elementor-section-height-default\" data-id=\"69ef3d37\" data-element_type=\"section\">\n<div class=\"elementor-container elementor-column-gap-default\">\n<div class=\"elementor-column elementor-col-100 elementor-top-column elementor-element elementor-element-7aea4a1\" data-id=\"7aea4a1\" data-element_type=\"column\">\n<div class=\"elementor-widget-wrap elementor-element-populated\">\n<div class=\"elementor-element elementor-element-24f8e04e elementor-widget__width-initial elementor-widget elementor-widget-shortcode\" data-id=\"24f8e04e\" data-element_type=\"widget\" data-widget_type=\"shortcode.default\">\n<div class=\"elementor-widget-container\">\n<div class=\"elementor-shortcode\">\n<div  class=\"row container \">\n<div class=\"small-12    large-12  columns   \"  >\n<div class=\"column-inner\"  >\n<h2 style=\"text-align: center;\"><strong>IMPORTANTE<\/strong><\/h2>\n<h3 style=\"text-align: center;\">\n<div style=\"display:block;height:5px\" class=\"clearfix\"><\/div>\n<\/h3>\n<\/div>\n<\/div>\n<div class=\"small-12    large-6  columns   \"  >\n<div class=\"column-inner\"  ><\/div>\n<\/div>\n<h4>Tenga en cuenta las siguientes condiciones antes de realizar el pago de multas de tr\u00e1nsito y cuotas de acuerdos de pago por este medio:<\/h4>\n<ol>\n<li>\n<h4>Este servicio aplica \u00fanicamente para pago de multas de tr\u00e1nsito de la ciudad de Palmira.<\/h4>\n<\/li>\n<li>\n<h4>El horario establecido para realizar un pago es de lunes a viernes, de 7:30 a.m. a 5:00 p.m., y los s\u00e1bados, de 8:00 a.m. a 11:30 a.m. <\/h4>\n<\/li>\n<li>\n<h4>Verifique antes del pago las obligaciones pendientes en su estado de cuenta.<\/h4>\n<\/li>\n<li>\n<h4>Para el pago de cuotas de acuerdos de pago, solo se habilitar\u00e1 para pago la cuota pendiente.<\/h4>\n<\/li>\n<li>\n<h4>Para el pago del comparendo con descuento, debe estar reportado el curso vial en la plataforma SIMIT.<\/h4>\n<\/li>\n<\/ol>\n<\/div>\n<div  class=\"row container \">\n<div class=\"small-12    large-12  columns   \"  >\n<div class=\"column-inner\"  >\n<a href=\"https:\/\/zonavirtual.consorcioctp.com\/home-public\" target=\"_blank\" rel=\"noopener\"><img decoding=\"async\" loading=\"lazy\" class=\"aligncenter wp-image-608 size-full\" src=\"https:\/\/www.consorcioctp.com\/wp-content\/uploads\/2016\/11\/BotonPagosEnLinea.jpg\" alt=\"pagos en linea\" width=\"500\" height=\"65\" \/><\/a><\/p>\n<\/div>\n<\/div>\n<div style=\"display:block;height:30px\" class=\"clearfix\"><\/div>\n<\/div><\/div>\n<\/p><\/div>\n<\/p><\/div>\n<section class=\"elementor-section elementor-inner-section elementor-element elementor-element-8766f14 elementor-section-boxed elementor-section-height-default elementor-section-height-default\" data-id=\"8766f14\" data-element_type=\"section\">\n<div class=\"elementor-container elementor-column-gap-default\">\n<div class=\"elementor-column elementor-col-100 elementor-inner-column elementor-element elementor-element-b882045\" data-id=\"b882045\" data-element_type=\"column\">\n<div class=\"elementor-widget-wrap elementor-element-populated\">\n<div class=\"elementor-element elementor-element-8370c1a elementor-widget elementor-widget-text-editor\" data-id=\"8370c1a\" data-element_type=\"widget\" data-widget_type=\"text-editor.default\">\n<div class=\"elementor-widget-container\">\n<style>\/*! elementor - v3.16.0 - 20-09-2023 *\/\n.elementor-widget-text-editor.elementor-drop-cap-view-stacked .elementor-drop-cap{background-color:#69727d;color:#fff}.elementor-widget-text-editor.elementor-drop-cap-view-framed .elementor-drop-cap{color:#69727d;border:3px solid;background-color:transparent}.elementor-widget-text-editor:not(.elementor-drop-cap-view-default) .elementor-drop-cap{margin-top:8px}.elementor-widget-text-editor:not(.elementor-drop-cap-view-default) .elementor-drop-cap-letter{width:1em;height:1em}.elementor-widget-text-editor .elementor-drop-cap{float:left;text-align:center;line-height:1;font-size:50px}.elementor-widget-text-editor .elementor-drop-cap-letter{display:inline-block}<\/style>\n<p><b>Te informamos que a trav\u00e9s de nuestros canales digitales puedes acceder a los servicios de Consorcio Transito Palmira donde MOV_IT te atender\u00e1 para orientaci\u00f3n, radicaci\u00f3n de tr\u00e1mites virtuales, agendamiento y cancelaci\u00f3n de citas:<\/b><\/p><\/div>\n<\/p><\/div>\n<\/p><\/div>\n<\/p><\/div>\n<\/p><\/div>\n<\/section>\n<section class=\"elementor-section elementor-inner-section elementor-element elementor-element-95f2560 elementor-section-boxed elementor-section-height-default elementor-section-height-default\" data-id=\"95f2560\" data-element_type=\"section\">\n<div class=\"elementor-container elementor-column-gap-default\">\n<div class=\"elementor-column elementor-col-50 elementor-inner-column elementor-element elementor-element-40bfb18\" data-id=\"40bfb18\" data-element_type=\"column\">\n<div class=\"elementor-widget-wrap elementor-element-populated\">\n<div class=\"elementor-element elementor-element-d180e2c elementor-view-default elementor-widget elementor-widget-icon\" data-id=\"d180e2c\" data-element_type=\"widget\" id=\"whatsapp\" data-widget_type=\"icon.default\">\n<div class=\"elementor-widget-container\">\n<div class=\"elementor-icon-wrapper\">\n\t\t\t<a class=\"elementor-icon\" href=\"https:\/\/wa.me\/573234302421?text=hola\"><br \/>\n\t\t\t<i aria-hidden=\"true\" class=\"fab fa-whatsapp\"><\/i>\t\t\t<\/a>\n\t\t<\/div>\n<\/p><\/div>\n<\/p><\/div>\n<\/p><\/div>\n<\/p><\/div>\n<div class=\"elementor-column elementor-col-50 elementor-inner-column elementor-element elementor-element-d64ca29\" data-id=\"d64ca29\" data-element_type=\"column\">\n<div class=\"elementor-widget-wrap elementor-element-populated\">\n<div class=\"elementor-element elementor-element-8906142 elementor-widget elementor-widget-html\" data-id=\"8906142\" data-element_type=\"widget\" data-widget_type=\"html.default\">\n<div class=\"elementor-widget-container\">\n\t\t\t<a href=\"https:\/\/wa.me\/573234302421?text=hola\" style=\"color:black; font-size: 23px\">WhatsApp 3234302421<\/a>\t\t<\/div>\n<\/p><\/div>\n<\/p><\/div>\n<\/p><\/div>\n<\/p><\/div>\n<\/section>\n<section class=\"elementor-section elementor-inner-section elementor-element elementor-element-978a4c2 elementor-section-boxed elementor-section-height-default elementor-section-height-default\" data-id=\"978a4c2\" data-element_type=\"section\">\n<div class=\"elementor-container elementor-column-gap-default\">\n<div class=\"elementor-column elementor-col-50 elementor-inner-column elementor-element elementor-element-9f8b0c2\" data-id=\"9f8b0c2\" data-element_type=\"column\">\n<div class=\"elementor-widget-wrap elementor-element-populated\">\n<div class=\"elementor-element elementor-element-58b2ef8 elementor-view-default elementor-widget elementor-widget-icon\" data-id=\"58b2ef8\" data-element_type=\"widget\" id=\"telegram\" data-widget_type=\"icon.default\">\n<div class=\"elementor-widget-container\">\n<div class=\"elementor-icon-wrapper\">\n\t\t\t<a class=\"elementor-icon\" href=\"https:\/\/consorcio-transito-palmira-bot.tg.pulse.is\"><br \/>\n\t\t\t<i aria-hidden=\"true\" class=\"fab fa-telegram-plane\"><\/i>\t\t\t<\/a>\n\t\t<\/div>\n<\/p><\/div>\n<\/p><\/div>\n<\/p><\/div>\n<\/p><\/div>\n<div class=\"elementor-column elementor-col-50 elementor-inner-column elementor-element elementor-element-81226ca\" data-id=\"81226ca\" data-element_type=\"column\">\n<div class=\"elementor-widget-wrap elementor-element-populated\">\n<div class=\"elementor-element elementor-element-1256324 elementor-widget elementor-widget-html\" data-id=\"1256324\" data-element_type=\"widget\" data-widget_type=\"html.default\">\n<div class=\"elementor-widget-container\">\n\t\t\t<a href=\"https:\/\/consorcio-transito-palmira-bot.tg.pulse.is\" style=\"color:black; font-size: 23px\">@Consorcio_transito_palmira_bot<\/a>\t\t<\/div>\n<\/p><\/div>\n<\/p><\/div>\n<\/p><\/div>\n<\/p><\/div>\n<\/section>\n<section class=\"elementor-section elementor-inner-section elementor-element elementor-element-fefc550 elementor-section-boxed elementor-section-height-default elementor-section-height-default\" data-id=\"fefc550\" data-element_type=\"section\">\n<div class=\"elementor-container elementor-column-gap-default\">\n<div class=\"elementor-column elementor-col-50 elementor-inner-column elementor-element elementor-element-3fb3c1b\" data-id=\"3fb3c1b\" data-element_type=\"column\">\n<div class=\"elementor-widget-wrap elementor-element-populated\">\n<div class=\"elementor-element elementor-element-656a957 elementor-view-default elementor-widget elementor-widget-icon\" data-id=\"656a957\" data-element_type=\"widget\" id=\"global\" data-widget_type=\"icon.default\">\n<div class=\"elementor-widget-container\">\n<div class=\"elementor-icon-wrapper\">\n<div class=\"elementor-icon\">\n\t\t\t<i aria-hidden=\"true\" class=\"fas fa-globe\"><\/i>\t\t\t<\/div>\n<\/p><\/div>\n<\/p><\/div>\n<\/p><\/div>\n<\/p><\/div>\n<\/p><\/div>\n<div class=\"elementor-column elementor-col-50 elementor-inner-column elementor-element elementor-element-5f0cedc\" data-id=\"5f0cedc\" data-element_type=\"column\">\n<div class=\"elementor-widget-wrap elementor-element-populated\">\n<div class=\"elementor-element elementor-element-5a60f1b elementor-widget elementor-widget-html\" data-id=\"5a60f1b\" data-element_type=\"widget\" data-widget_type=\"html.default\">\n<div class=\"elementor-widget-container\">\n\t\t\t<a href=\"https:\/\/www.consorcioctp.com\/\" style=\"color:black; font-size: 23px\">https:\/\/www.consorcioctp.com\/<\/a>\t\t<\/div>\n<\/p><\/div>\n<\/p><\/div>\n<\/p><\/div>\n<\/p><\/div>\n<\/section><\/div>\n<\/p><\/div>\n<\/p><\/div>\n<\/section>\n<section class=\"elementor-section elementor-top-section elementor-element elementor-element-608c189 elementor-section-boxed elementor-section-height-default elementor-section-height-default\" data-id=\"608c189\" data-element_type=\"section\">\n<div class=\"elementor-container elementor-column-gap-default\">\n<div class=\"elementor-column elementor-col-100 elementor-top-column elementor-element elementor-element-96e0477\" data-id=\"96e0477\" data-element_type=\"column\">\n<div class=\"elementor-widget-wrap\">\n\t\t\t\t\t\t\t\t\t<\/div>\n<\/p><\/div>\n<\/p><\/div>\n<\/section><\/div>\n","protected":false},"excerpt":{"rendered":"<p>Te informamos que a trav\u00e9s de nuestros canales digitales puedes acceder a los servicios de Consorcio Transito Palmira donde MOV_IT te atender\u00e1 para orientaci\u00f3n, radicaci\u00f3n de tr\u00e1mites virtuales, agendamiento y cancelaci\u00f3n de citas: WhatsApp 3234302421 @Consorcio_transito_palmira_bot https:\/\/www.consorcioctp.com\/<\/p>\n","protected":false},"author":11,"featured_media":0,"parent":0,"menu_order":0,"comment_status":"closed","ping_status":"closed","template":"","meta":{"_mi_skip_tracking":false,"_monsterinsights_sitenote_active":false,"_monsterinsights_sitenote_note":"","_monsterinsights_sitenote_category":0,"footnotes":""},"_links":{"self":[{"href":"https:\/\/www.consorcioctp.com\/index.php\/wp-json\/wp\/v2\/pages\/6755"}],"collection":[{"href":"https:\/\/www.consorcioctp.com\/index.php\/wp-json\/wp\/v2\/pages"}],"about":[{"href":"https:\/\/www.consorcioctp.com\/index.php\/wp-json\/wp\/v2\/types\/page"}],"author":[{"embeddable":true,"href":"https:\/\/www.consorcioctp.com\/index.php\/wp-json\/wp\/v2\/users\/11"}],"replies":[{"embeddable":true,"href":"https:\/\/www.consorcioctp.com\/index.php\/wp-json\/wp\/v2\/comments?post=6755"}],"version-history":[{"count":36,"href":"https:\/\/www.consorcioctp.com\/index.php\/wp-json\/wp\/v2\/pages\/6755\/revisions"}],"predecessor-version":[{"id":7116,"href":"https:\/\/www.consorcioctp.com\/index.php\/wp-json\/wp\/v2\/pages\/6755\/revisions\/7116"}],"wp:attachment":[{"href":"https:\/\/www.consorcioctp.com\/index.php\/wp-json\/wp\/v2\/media?parent=6755"}],"curies":[{"name":"wp","href":"https:\/\/api.w.org\/{rel}","templated":true}]}}