{"id":582,"date":"2016-12-14T21:01:13","date_gmt":"2016-12-14T21:01:13","guid":{"rendered":"https:\/\/www.consorcioctp.com\/?page_id=582"},"modified":"2025-06-18T09:03:59","modified_gmt":"2025-06-18T14:03:59","slug":"adv_citas","status":"publish","type":"page","link":"https:\/\/www.consorcioctp.com\/index.php\/adv_citas\/","title":{"rendered":"Agendamiento de citas"},"content":{"rendered":"\t<div  class=\"row container \">\n<div class=\"small-12    large-12  columns   \"  ><div class=\"column-inner\"  >\n<h2 style=\"text-align: center;\"><strong>IMPORTANTE<\/strong><\/h2>\n<h3 style=\"text-align: center;\"><div style=\"display:block;height:5px\" class=\"clearfix\"><\/div><\/h3>\n<\/div><\/div>\n<div class=\"small-12    large-6  columns   \"  ><div class=\"column-inner\"  >\n<h4>Tenga en cuenta estas condiciones antes de agendar su cita por este medio:<\/h4>\n<ol>\n<li>\n<h4>Este servicio aplica para tr\u00e1mites de veh\u00edculos y licencias de conducci\u00f3n.<\/h4>\n<\/li>\n<li>\n<h4>Deber\u00e1 solicitar por cada tr\u00e1mite una cita, de lo contrario <strong>NO SER\u00c1 ATENDIDO.<\/strong><\/h4>\n<\/li>\n<li>\n<h4>Debe suministrar los datos completos de nombre, apellido y estos deben coincidir con los que usted presente en la sede, si no coinciden usted <strong>NO SER\u00c1 ATENDIDO.<\/strong><\/h4>\n<\/li>\n<li>\n<h4>No podr\u00e1 usar dos agendas a la vez en la misma sede y en el mismo horario.\u00a0<strong>NO SER\u00c1 ATENDIDO<\/strong>\u00a0y una de las citas ser\u00e1 cancelada.<\/h4>\n<\/li>\n<li>\n<h4>En el espacio <strong>\u201cPLACA\u201d<\/strong> es obligatorio colocar la informaci\u00f3n real de la placa del veh\u00edculo y deber\u00e1 coincidir con la placa del tr\u00e1mite que se va a realizar en la sede, de lo contrario <strong>NO SER\u00c1 ATENDIDO.<\/strong><\/h4>\n<\/li>\n<\/ol>\n<\/div><\/div>\n<div class=\"small-12    large-6  columns   \"  ><div class=\"column-inner\"  >\n<h4><strong>SERVICIOS QUE NO APLICAN:<\/strong><\/h4>\n<ul>\n<li>\n<h4>Cambio de Infractor<\/h4>\n<\/li>\n<li>\n<h4>Certificados de Tradici\u00f3n<\/h4>\n<\/li>\n<li>\n<h4>Liquidaci\u00f3n y Pago de impuestos<\/h4>\n<\/li>\n<li>\n<h4>Multas e infracciones de tr\u00e1nsito<\/h4>\n<\/li>\n<li>\n<h4>Citas para controversias por Multas (comun\u00edquese a la l\u00ednea (+57) 6022855999)<\/h4>\n<\/li>\n<\/ul>\n<\/div><\/div>\n<\/div>\n  \n\t<div  class=\"row container \">\n<div class=\"small-12    large-12  columns   \"  ><div class=\"column-inner\"  >\n<a href=\"https:\/\/ctp.spaceis.co\/#\/agendar-cita\" target=\"_blank\" rel=\"noopener\"><img decoding=\"async\" loading=\"lazy\" src=\"https:\/\/www.consorcioctp.com\/wp-content\/uploads\/2016\/12\/Agendar.png\" alt=\"agendar\" width=\"300\" height=\"100\" \/><\/a><br \/>\n<\/div><\/div>\n<div style=\"display:block;height:30px\" class=\"clearfix\"><\/div>\n<\/div>\n  \n<p><b>Te informamos que a trav\u00e9s de nuestros canales digitales puedes acceder a los servicios de Consorcio Transito Palmira donde MOV_IT te atender\u00e1 para orientaci\u00f3n, radicaci\u00f3n de tr\u00e1mites virtuales, agendamiento y cancelaci\u00f3n de citas:<\/b><\/p>\n<p><a href=\"https:\/\/wa.me\/573234302421?text=hola\"><br \/>\n<\/a><br \/>\n<a href=\"https:\/\/wa.me\/573234302421?text=hola\" style=\"color:black; font-size: 23px\">WhatsApp 3234302421<\/a><br \/>\n<a href=\"https:\/\/consorcio-transito-palmira-bot.tg.pulse.is\"><br \/>\n<\/a><br \/>\n<a href=\"https:\/\/consorcio-transito-palmira-bot.tg.pulse.is\" style=\"color:black; font-size: 23px\">@Consorcio_transito_palmira_bot<\/a><br \/>\n<a href=\"http:\/\/www.consorcioctp.com\/\" style=\"color:black; font-size: 23px\">http:\/\/www.consorcioctp.com\/<\/a><\/p>\n","protected":false},"excerpt":{"rendered":"<p>Te informamos que a trav\u00e9s de nuestros canales digitales puedes acceder a los servicios de Consorcio Transito Palmira donde MOV_IT te atender\u00e1 para orientaci\u00f3n, radicaci\u00f3n de tr\u00e1mites virtuales, agendamiento y cancelaci\u00f3n de citas: WhatsApp 3234302421 @Consorcio_transito_palmira_bot http:\/\/www.consorcioctp.com\/<\/p>\n","protected":false},"author":12,"featured_media":0,"parent":0,"menu_order":0,"comment_status":"closed","ping_status":"closed","template":"","meta":{"_mi_skip_tracking":false,"_monsterinsights_sitenote_active":false,"_monsterinsights_sitenote_note":"","_monsterinsights_sitenote_category":0,"footnotes":""},"_links":{"self":[{"href":"https:\/\/www.consorcioctp.com\/index.php\/wp-json\/wp\/v2\/pages\/582"}],"collection":[{"href":"https:\/\/www.consorcioctp.com\/index.php\/wp-json\/wp\/v2\/pages"}],"about":[{"href":"https:\/\/www.consorcioctp.com\/index.php\/wp-json\/wp\/v2\/types\/page"}],"author":[{"embeddable":true,"href":"https:\/\/www.consorcioctp.com\/index.php\/wp-json\/wp\/v2\/users\/12"}],"replies":[{"embeddable":true,"href":"https:\/\/www.consorcioctp.com\/index.php\/wp-json\/wp\/v2\/comments?post=582"}],"version-history":[{"count":15,"href":"https:\/\/www.consorcioctp.com\/index.php\/wp-json\/wp\/v2\/pages\/582\/revisions"}],"predecessor-version":[{"id":7024,"href":"https:\/\/www.consorcioctp.com\/index.php\/wp-json\/wp\/v2\/pages\/582\/revisions\/7024"}],"wp:attachment":[{"href":"https:\/\/www.consorcioctp.com\/index.php\/wp-json\/wp\/v2\/media?parent=582"}],"curies":[{"name":"wp","href":"https:\/\/api.w.org\/{rel}","templated":true}]}}