{"id":411,"date":"2016-11-18T05:14:21","date_gmt":"2016-11-18T05:14:21","guid":{"rendered":"https:\/\/www.consorcioctp.com\/?page_id=411"},"modified":"2023-10-04T10:39:17","modified_gmt":"2023-10-04T15:39:17","slug":"rmi","status":"publish","type":"page","link":"https:\/\/www.consorcioctp.com\/index.php\/tramites\/rmi\/","title":{"rendered":"Infracciones de tr\u00e1nsito"},"content":{"rendered":"<div style=\"display:block;height:60px\" class=\"clearfix\"><\/div>\n\t<div  class=\"row container \">\n<div class=\"small-12    large-8  columns   \"  ><div class=\"column-inner\"  >\n<h1 class=\"light_font h-large oxx_title thin-font\">Infracciones de tr\u00e1nsito<\/h1>\n<p class=\"ultra_font\" style=\"color: #000000; font-size: 20px; line-height: 24px; text-align: justify;\">Tr\u00e1mites relacionados a la gesti\u00f3n de infracciones de tr\u00e1nsito y pago de multas de tr\u00e1nsito a nivel local y nacional.<\/p>\n<div class=\"accordion\" rel=\"0\"><div class=\"accordion-title\"><a href=\"#\">Consulta Multas Palmira<\/a><\/div><div class=\"accordion-inner\"><p class=\"p1\">Consulte si cuenta con infracciones bajo su numero de identidad.<\/p>\n<div class=\"tx-div small clearfix\" ><\/div><!-- end divider -->\n<a href=\"http:\/\/bit.ly\/2Fwon33\" class=\"button normal secondary\" >Consultar<\/a>\n<\/div>\n<div class=\"accordion-title\"><a href=\"#\">C\u00f3digos y Valores Infracciones de Tr\u00e1nsito<\/a><\/div><div class=\"accordion-inner\"><p class=\"p1\">Identifique las infracciones de tr\u00e1nsito por su c\u00f3digo y consulte el valor de cada una de ellas.<\/p>\n<div class=\"tx-div small clearfix\" ><\/div><!-- end divider -->\n<a href=\"https:\/\/www.consorcioctp.com\/index.php\/featured_item\/consulta-valor-de-codigo-infraccion\/\" class=\"button normal secondary\" >Ver Valores Infracciones<\/a>\n<\/div>\n<div class=\"accordion-title\"><a href=\"#\">Informaci\u00f3n Sobre Multas de Tr\u00e1nsito<\/a><\/div><div class=\"accordion-inner\"><p class=\"p1\">Conozca d\u00f3nde, c\u00f3mo y cu\u00e1ndo pagar tus multas de tr\u00e1nsito.<\/p>\n<div class=\"tx-div small clearfix\" ><\/div><!-- end divider -->\n<a href=\"#rmi_multas-transito\" class=\"button normal secondary\" >Ver M\u00e1s<\/a>\n<\/div>\n<div class=\"accordion-title\"><a href=\"#\">Veh\u00edculos Inmovilizados<\/a><\/div><div class=\"accordion-inner\"><p class=\"p1\">Conozca todo sobre la inmovilizaci\u00f3n de veh\u00edculos en Palmira.<\/p>\n<div class=\"tx-div small clearfix\" ><\/div><!-- end divider -->\n<a href=\"#rmi-vehiculos-inmobilizados\" class=\"button normal secondary\" >Ver M\u00e1s<\/a>\n<\/div>\n<div class=\"accordion-title\"><a href=\"#\">Comparendos<\/a><\/div><div class=\"accordion-inner\"><p class=\"p1\">Conozca toda la informaci\u00f3n sobre comparendos.<\/p>\n<div class=\"tx-div small clearfix\" ><\/div><!-- end divider -->\n<a href=\"#rmi-comparendos\" class=\"button normal secondary\" >Ver M\u00e1s<\/a>\n<\/div>\n<\/div>\n<\/div><\/div>\n<div class=\"small-12 text-center     large-4  columns   \"  ><div class=\"column-inner\"  0>\n\n     \n     <section  class=\"ux-section\" style=\"padding:60px 0;margin-bottom:0px!important;\">  \n      \n      \n     <div class=\"ux-section-content\">\r\n<h2 style=\"font-size: 36px;\"><img class=\"alignnone size-full wp-image-3494\" src=\"https:\/\/www.consorcioctp.com\/wp-content\/uploads\/2016\/11\/Ventanilla-Virtual.jpg\" alt=\"Ventanilla-Virtual\" width=\"589\" height=\"50\" \/><\/h2>\r\n<a href=\"https:\/\/www.consorcioctp.com\/index.php\/boton-de-pago\/\"><img class=\"btn-consulta-multas alignnone wp-image-3474 size-full\" src=\"https:\/\/www.consorcioctp.com\/wp-content\/uploads\/2016\/11\/BotonesVentanillaVirtual-CTP-20202-2.png\" alt=\"BotonesVentanillaVirtual-CTP-2020(2)\" width=\"240\" height=\"70\" \/><\/a> <a href=\"http:\/\/bit.ly\/2FxWWWN\"><img class=\"alignnone wp-image-3475 size-full btn-consulta-valor-codigo-infraccion\" src=\"https:\/\/www.consorcioctp.com\/wp-content\/uploads\/2016\/11\/BotonesVentanillaVirtual-CTP-20203-2.png\" alt=\"BotonesVentanillaVirtual-CTP-2020(3)\" width=\"240\" height=\"70\" \/><\/a>\r\n\r\n<a href=\"http:\/\/bit.ly\/2FCSkzD\" target=\"_blank\" rel=\"noopener\"><img class=\"btn-estado-vehiculo alignnone wp-image-3473 size-full\" src=\"https:\/\/www.consorcioctp.com\/wp-content\/uploads\/2016\/11\/BotonesVentanillaVirtual-CTP-20201-2.png\" alt=\"BotonesVentanillaVirtual-CTP-2020(1)\" width=\"240\" height=\"70\" \/><\/a> <a href=\"http:\/\/bit.ly\/2HWzzc1\" target=\"_blank\" rel=\"noopener\"><img class=\"btn-licencias-conduccion alignnone wp-image-3476 size-full\" src=\"https:\/\/www.consorcioctp.com\/wp-content\/uploads\/2016\/11\/BotonesVentanillaVirtual-CTP-20204-2.png\" alt=\"BotonesVentanillaVirtual-CTP-2020(4)\" width=\"240\" height=\"70\" \/><\/a>\r\n\r\n<a href=\"https:\/\/bit.ly\/2Lq2qcC\" target=\"_blank\" rel=\"noopener\"><img class=\"btn-consulta-simit alignnone wp-image-3477 size-full\" src=\"https:\/\/www.consorcioctp.com\/wp-content\/uploads\/2016\/11\/BotonesVentanillaVirtual-CTP-20205-1.png\" alt=\"BotonesVentanillaVirtual-CTP-2020(5)\" width=\"240\" height=\"70\" \/><\/a>\r\n\r\n<a href=\"https:\/\/chatctp.mcc.com.co\/\" target=\"_blank\" rel=\"noopener\"><img class=\"btn-descargue-croquis alignnone wp-image-3989 size-full\" src=\"https:\/\/www.consorcioctp.com\/wp-content\/uploads\/2016\/11\/Boton2.png\" width=\"240\" height=\"70\" \/><\/a>\r\n\r\n<a href=\"http:\/\/bit.ly\/2utp1JC\" target=\"_blank\" rel=\"noopener\"><img class=\"alignnone wp-image-3485 size-full\" src=\"https:\/\/www.consorcioctp.com\/wp-content\/uploads\/2016\/11\/BotonesVentanillaVirtual-CTP-202013.png\" width=\"240\" height=\"70\" \/><\/a> <a href=\"https:\/\/bit.ly\/3p3KnZ8\" target=\"_blank\" rel=\"noopener\"><img class=\"btn-impuesto-vehiculos-valle-cauca alignnone wp-image-3479 size-full\" src=\"https:\/\/www.consorcioctp.com\/wp-content\/uploads\/2016\/11\/BotonesVentanillaVirtual-CTP-20207-1.png\" alt=\"BotonesVentanillaVirtual-CTP-2020(7)\" width=\"240\" height=\"70\" \/><\/a>\r\n\r\n<a href=\"http:\/\/bit.ly\/2HJXOuZ\"><img class=\"alignnone wp-image-3480 size-full btn-comunidad-virtual-ctp\" src=\"https:\/\/www.consorcioctp.com\/wp-content\/uploads\/2016\/11\/BotonesVentanillaVirtual-CTP-20208.png\" alt=\"BotonesVentanillaVirtual-CTP-2020(8)\" width=\"240\" height=\"70\" \/><\/a> <a href=\"http:\/\/bit.ly\/2W5X2LV\"><img class=\"alignnone wp-image-3481 size-full btn-agende-su-cita\" src=\"https:\/\/www.consorcioctp.com\/wp-content\/uploads\/2016\/11\/BotonesVentanillaVirtual-CTP-20209.png\" alt=\"BotonesVentanillaVirtual-CTP-2020(9)\" width=\"240\" height=\"70\" \/><\/a>\r\n\r\n<a href=\"http:\/\/bit.ly\/2uwiP3v\" target=\"_blank\" rel=\"noopener\"><img class=\"btn-calculo-avaluo-vehiculo alignnone wp-image-3482 size-full\" src=\"https:\/\/www.consorcioctp.com\/wp-content\/uploads\/2016\/11\/BotonesVentanillaVirtual-CTP-202010.png\" alt=\"BotonesVentanillaVirtual-CTP-2020(10)\" width=\"240\" height=\"70\" \/><\/a> <a href=\"http:\/\/bit.ly\/2UWR1AU\"><img class=\"alignnone wp-image-3483 size-full btn-traslado-documentos\" src=\"https:\/\/www.consorcioctp.com\/wp-content\/uploads\/2016\/11\/BotonesVentanillaVirtual-CTP-202011.png\" alt=\"BotonesVentanillaVirtual-CTP-2020(11)\" width=\"240\" height=\"70\" \/><\/a>\r\n\r\n<a href=\"http:\/\/bit.ly\/2CGffbM\"><img class=\"alignnone wp-image-3484 size-full btn-estado-tramite\" src=\"https:\/\/www.consorcioctp.com\/wp-content\/uploads\/2016\/11\/BotonesVentanillaVirtual-CTP-202012.png\" alt=\"BotonesVentanillaVirtual-CTP-2020(12)\" width=\"240\" height=\"70\" \/><\/a><a href=\"http:\/\/bit.ly\/2FH0BTz\"> <img class=\"alignnone wp-image-3488 size-full btn-consulta-placas\" src=\"https:\/\/www.consorcioctp.com\/wp-content\/uploads\/2016\/11\/BotonesVentanillaVirtual-CTP-202016.png\" alt=\"BotonesVentanillaVirtual-CTP-2020(16)\" width=\"240\" height=\"70\" \/><\/a>\r\n\r\n&nbsp;\r\n\r\n<\/div>\n      \n        <\/section><!-- .ux-section -->\n\n  \n<div style=\"display:block;height:20px\" class=\"clearfix\"><\/div>\n<h2><span style=\"color: #000000; font-size: 25px;\">Requisitos de Tr\u00e1mites<\/span><\/h2>\n<ul class=\"services\">\r\n \t<li><a href=\"https:\/\/www.consorcioctp.com\/index.php\/tramites\/rma\/\"><img class=\"alignnone wp-image-3356 size-full\" src=\"https:\/\/www.consorcioctp.com\/wp-content\/uploads\/2016\/11\/BotonesWebCTP1.png\" alt=\"BotonesWebCTP1\" width=\"512\" height=\"93\" \/><\/a><\/li>\r\n \t<li><a href=\"https:\/\/www.consorcioctp.com\/index.php\/tramites\/rmc\/\"><img class=\"alignnone wp-image-3357 size-full\" src=\"https:\/\/www.consorcioctp.com\/wp-content\/uploads\/2016\/11\/BotonesWebCTP2-1.png\" alt=\"BotonesWebCTP2\" width=\"512\" height=\"93\" \/><\/a><\/li>\r\n \t<li><a href=\"https:\/\/www.consorcioctp.com\/index.php\/boton-de-pago\/\"><img class=\"alignnone wp-image-3358 size-full\" src=\"https:\/\/www.consorcioctp.com\/wp-content\/uploads\/2016\/11\/BotonesWebCTP3.png\" alt=\"BotonesWebCTP3\" width=\"512\" height=\"93\" \/><\/a><\/li>\r\n \t<li>\r\n<h2><span style=\"color: #000000; font-size: 28px;\" data-darkreader-inline-color=\"\">Agendamiento Para Tr\u00e1mites\r\n<\/span><\/h2>\r\n<\/li>\r\n \t<li><a href=\"https:\/\/www.consorcioctp.com\/index.php\/adv_citas\/\"><img class=\"alignnone wp-image-3362 size-full\" src=\"https:\/\/www.consorcioctp.com\/wp-content\/uploads\/2016\/11\/BotonesWebCTP4.png\" alt=\"BotonesWebCTP4\" width=\"512\" height=\"93\" \/><\/a><\/li>\r\n<\/ul>\r\n&nbsp;\n<\/div><\/div>\n<\/div>\n  \n \n\n<div id=\"rmi_infracciones-transito\" class=\"mfp-hide mfp-content-inner lightbox-white\" style=\"max-width:1000px;padding:0px\">\n    \n     \n     <section  class=\"ux-section dark\" style=\"background-color:#0b384a!important;padding:60px 0;margin-bottom:0px!important;\">  \n      \n      \n     <div class=\"ux-section-content\">\r\n\r\n\t<div  class=\"row container custom-width \"style=\"max-width:720px\">\r\n\r\n<div class=\"small-12 text-center     large-12  columns   \"  ><div class=\"column-inner\"  >\r\n<h1 class=\"animated fadeInLeft\">Infracciones de Tr\u00e1nsito<\/h1>\r\n<h4 class=\"thin-font\" style=\"font-size: 20px; line-height: 35px;\">Estos son los valores que tiene cada infracci\u00f3n de tr\u00e1nsito, estipulado por el Ministerio de Tr\u00e1nsporte para el territorio Colombiano.<\/h4>\r\n<div class=\"text-center\"><div class=\"tx-div small clearfix\" ><\/div><\/div><!-- end divider -->\r\n\r\n<\/div><\/div>\r\n\r\n<\/div>\n  \r\n\r\n<\/div>\n      \n        <\/section><!-- .ux-section -->\n\n  \r\n\r\n\n     \n     <section  class=\"ux-section\" style=\"padding:60px 0;margin-bottom:0px!important;\">  \n      \n      \n     <div class=\"ux-section-content\">\r\n\r\n\t<div  class=\"row container collapse custom-width \"style=\"max-width:720px\">\r\n\r\n<div class=\"small-12    large-12  columns   \"  ><div class=\"column-inner\"  >\r\n\r\n<\/div><\/div>\r\n\r\n<\/div>\n  \r\n\r\n<\/div>\n      \n        <\/section><!-- .ux-section -->\n\n  \n<\/div><!-- Lightbox-rmi_infracciones-transito -->\n\n<script>\njQuery(document).ready(function($) {\n\n      \n      $('a[href=\"#rmi_infracciones-transito\"]').click(function(e){\n         \/\/ Close openend lightboxes\n         var delay = 0;\n         \n         if($.magnificPopup.open){\n            $.magnificPopup.close();\n            delay = 300;\n         }\n\n         \/\/ Start lightbox\n         setTimeout(function(){\n            $.magnificPopup.open({\n                  midClick: true,\n                  removalDelay: 300,\n                  items: {\n                    src: '#rmi_infracciones-transito', \n                    type: 'inline'\n                  }\n            });\n          }, delay);\n\n        e.preventDefault();\n      });\n});\n<\/script>\n\n \n\n<div id=\"rmi_multas-transito\" class=\"mfp-hide mfp-content-inner lightbox-white\" style=\"max-width:1000px;padding:0px\">\n    \n     \n     <section  class=\"ux-section dark\" style=\"background-color:#0b384a!important;padding:60px 0;margin-bottom:0px!important;\">  \n      \n      \n     <div class=\"ux-section-content\">\r\n\r\n\t<div  class=\"row container custom-width \"style=\"max-width:720px\">\r\n\r\n<div class=\"small-12 text-center     large-12  columns   \"  ><div class=\"column-inner\"  >\r\n<h1 class=\"animated fadeInLeft\">Multas de Tr\u00e1nsito<\/h1>\r\n<h4 class=\"thin-font\" style=\"font-size: 20px; line-height: 35px;\">\u00bfC\u00f3mo y d\u00f3nde se pagan las multas?<\/h4>\r\nPague \u00fanicamente en sitios autorizados para el pago de la multa. Las formas de pago son:<div style=\"display:block;height:10px\" class=\"clearfix\"><\/div>\r\n<h5><i class=\"fa fa-usd\"><\/i> Efectivo<\/h5>\r\n<h5>Tarjetas de cr\u00e9dito y d\u00e9bito (Visa y Mastercard).<\/h5>\r\n<h5>Liquidaci\u00f3n c\u00f3digo de barras.<\/h5>\r\n<div style=\"display:block;height:10px\" class=\"clearfix\"><\/div>\r\n\r\nPara cancelar la multa con tarjeta de cr\u00e9dito, d\u00e9bito o en efectivo el infractor debe presentarse en la sede, solicitar la liquidaci\u00f3n por ventanilla\u00a0o por el tel\u00e9fono verde ubicado en la sede. Despu\u00e9s dirigirse a la caja del banco al interior de la sede y realizar el respectivo pago.\r\n\r\n<div style=\"display:block;height:10px\" class=\"clearfix\"><\/div>\r\n\r\nTambi\u00e9n podr\u00e1s solicitar la liquidaci\u00f3n c\u00f3digo de barras llamando a nuestra l\u00ednea (602) 2855999 y realiza el pago en cualquier oficina del banco de Bogot\u00e1 a nivel nacional. O puedes escribirnos a nuestro chat en Facebook <strong><a href=\"https:\/\/www.messenger.com\/t\/589402171124464\/?messaging_source=source%3Apages%3Amessage_shortlink\" target=\"_blank\" rel=\"noopener\">aqu\u00ed<\/a><\/strong>\r\n\r\n<\/div><\/div>\r\n\r\n<\/div>\n  \r\n\r\n<\/div>\n      \n        <\/section><!-- .ux-section -->\n\n  \r\n\r\n\n     \n     <section  class=\"ux-section\" style=\"padding:60px 0;margin-bottom:0px!important;\">  \n      \n      \n     <div class=\"ux-section-content\">\r\n\r\n\t<div  class=\"row container custom-width \"style=\"max-width:860px\">\r\n\r\n<div class=\"small-12    large-12  columns   \"  ><div class=\"column-inner\"  >\r\n\r\n<div style=\"display:block;height:30px\" class=\"clearfix\"><\/div>\r\n\r\n\n\t\t\t<div class=\"row collapse vertical-tabs shortcode_tabgroup_vertical pos_normal\">\n\t\t\t\n\t\t\t<div class=\"large-3 columns\"><ul class=\"tabs-nav\"><li class=\"tab current-menu-item\"><a href=\"#panel14402360881\">Dudas<\/a><\/li><\/ul><\/div><div class=\"large-9 columns\"><div class=\"tabs-inner active\" id=\"panel14402360881\"><div class=\"accordion\" rel=\"0\"><div class=\"accordion-title\"><a href=\"#\">\u00bfC\u00f3mo puedo saber si tengo multas?<\/a><\/div><div class=\"accordion-inner\"><p>Para saber si tienes multas de tr\u00e1nsito puedes comunicarte al chat de nuestra p\u00e1gina web, chat facebook <a href=\"https:\/\/www.messenger.com\/t\/589402171124464\/?messaging_source=source%3Apages%3Amessage_shortlink\" target=\"_blank\" rel=\"noopener\">AQU\u00cd <\/a>o a nuestra l\u00ednea:<b> (602) 2855999<br \/>\n<\/b><\/p>\n<\/div>\n<div class=\"accordion-title\"><a href=\"#\">Creo que me pusieron una multa fuera de Palmira \u00bfQu\u00e9 hago?<\/a><\/div><div class=\"accordion-inner\"><p>Para revisar si tienes multas en cualquier parte del territorio nacional, puedes hacerlo mediante la p\u00e1gina del <a href=\"https:\/\/consulta.simit.org.co\/Simit\/indexA.jsp\" target=\"_blank\" rel=\"noopener\">SIMIT<\/a> o consultar a trav\u00e9s de nuestros canales de atenci\u00f3n: chat de nuestra p\u00e1gina web, chat facebook <a href=\"https:\/\/www.messenger.com\/t\/589402171124464\/?messaging_source=source%3Apages%3Amessage_shortlink\" target=\"_blank\" rel=\"noopener\">AQU\u00cd <\/a>o a nuestra l\u00ednea:<b> (602) 2855999<\/b><\/p>\n<a href=\"https:\/\/consulta.simit.org.co\/Simit\/index.html\" class=\"button medium secondary\" target=\"_blank\">Consultar Aqu\u00ed<\/a>\n<\/div>\n<div class=\"accordion-title\"><a href=\"#\">\u00bfPuedo financiar una multa?<\/a><\/div><div class=\"accordion-inner\"><p style=\"text-align: justify;\">Si, existe la posibilidad de realizar un acuerdo de pago, en el cual el usuario tiene la opci\u00f3n de cancelar una cuota inicial y posteriormente pagar en cuotas mensuales. Para mayor informaci\u00f3n comun\u00edcate a la l\u00ednea (602) 2855999 opci\u00f3n 1 o al correo electr\u00f3nico <a href=\"servicioalcliente@consorcioctp.com\">servicioalcliente@consorcioctp.com<\/a><\/p>\n<\/div>\n<\/div>\n<\/div><\/div><\/div>\r\n\r\n<\/div><\/div>\r\n\r\n<\/div>\n  \r\n\r\n<\/div>\n      \n        <\/section><!-- .ux-section -->\n\n  \n<\/div><!-- Lightbox-rmi_multas-transito -->\n\n<script>\njQuery(document).ready(function($) {\n\n      \n      $('a[href=\"#rmi_multas-transito\"]').click(function(e){\n         \/\/ Close openend lightboxes\n         var delay = 0;\n         \n         if($.magnificPopup.open){\n            $.magnificPopup.close();\n            delay = 300;\n         }\n\n         \/\/ Start lightbox\n         setTimeout(function(){\n            $.magnificPopup.open({\n                  midClick: true,\n                  removalDelay: 300,\n                  items: {\n                    src: '#rmi_multas-transito', \n                    type: 'inline'\n                  }\n            });\n          }, delay);\n\n        e.preventDefault();\n      });\n});\n<\/script>\n\n \n\n<div id=\"rmi-vehiculos-inmobilizados\" class=\"mfp-hide mfp-content-inner lightbox-white\" style=\"max-width:1000px;padding:0px\">\n    \n     \n     <section  class=\"ux-section dark\" style=\"background-color:#0b384a!important;padding:60px 0;margin-bottom:0px!important;\">  \n      \n      \n     <div class=\"ux-section-content\">\r\n\r\n\t<div  class=\"row container custom-width \"style=\"max-width:720px\">\r\n\r\n<div class=\"small-12 text-center     large-12  columns   \"  ><div class=\"column-inner\"  >\r\n<h1 class=\"animated fadeInLeft\">Veh\u00edculos Inmovilizados<\/h1>\r\nInformaci\u00f3n relacionada a veh\u00edculos Inmovilizados por infracciones de tr\u00e1nsito<div class=\"text-center\"><div class=\"tx-div small clearfix\" ><\/div><\/div><!-- end divider -->\r\n<p style=\"text-align: center;\">Direcci\u00f3n exacta de los patios oficiales<\/p>\r\nCALLE 47 # 32-01 frente al Centro Comercial s\u00faper Marden de la 47\r\n\r\nHorarios: Lunes a Viernes 7:30 am a 5:30 Pm s\u00e1bados: 9:00 am a 12:00 m.\r\n\r\n<\/div><\/div>\r\n\r\n<\/div>\n  \r\n\r\n<\/div>\n      \n        <\/section><!-- .ux-section -->\n\n  \r\n\r\n\n     \n     <section  class=\"ux-section\" style=\"padding:60px 0;margin-bottom:0px!important;\">  \n      \n      \n     <div class=\"ux-section-content\">\r\n\r\n\t<div  class=\"row container custom-width \"style=\"max-width:860px\">\r\n\r\n<div class=\"small-12    large-12  columns   \"  ><div class=\"column-inner\"  >\r\n\r\n<div style=\"display:block;height:30px\" class=\"clearfix\"><\/div>\r\n\r\n<h3 class=\"accordion_title\">.<\/h3><div class=\"accordion\" rel=\"0\"><div class=\"accordion-title\"><a href=\"#\">Valor Gr\u00faa<\/a><\/div><div class=\"accordion-inner\"><p><img class=\"aligncenter wp-image-5938 size-full\" src=\"https:\/\/www.consorcioctp.com\/wp-content\/uploads\/2016\/12\/Valor-de-grua.png\" alt=\"\" width=\"582\" height=\"171\" \/><\/p>\n<\/div>\n<div class=\"accordion-title\"><a href=\"#\">Valor Diario Parqueadero (Patios)<\/a><\/div><div class=\"accordion-inner\"><p><img class=\"aligncenter wp-image-5939 size-full\" src=\"https:\/\/www.consorcioctp.com\/wp-content\/uploads\/2016\/12\/Valor-de-patios.png\" alt=\"\" width=\"581\" height=\"337\" \/><\/p>\n<\/div>\n<div class=\"accordion-title\"><a href=\"#\">Salida de Veh\u00edculos<\/a><\/div><div class=\"accordion-inner\"><p>Ver Requisitos para Salida de Veh\u00edculos.<\/p>\n<a href=\"https:\/\/www.consorcioctp.com\/index.php\/3002-2\/\" class=\"button  secondary\" >Ver Requisitos<\/a>\n<\/div>\n<\/div>\r\n\r\n<\/div><\/div>\r\n\r\n<\/div>\n  \r\n\r\n<\/div>\n      \n        <\/section><!-- .ux-section -->\n\n  \n<\/div><!-- Lightbox-rmi-vehiculos-inmobilizados -->\n\n<script>\njQuery(document).ready(function($) {\n\n      \n      $('a[href=\"#rmi-vehiculos-inmobilizados\"]').click(function(e){\n         \/\/ Close openend lightboxes\n         var delay = 0;\n         \n         if($.magnificPopup.open){\n            $.magnificPopup.close();\n            delay = 300;\n         }\n\n         \/\/ Start lightbox\n         setTimeout(function(){\n            $.magnificPopup.open({\n                  midClick: true,\n                  removalDelay: 300,\n                  items: {\n                    src: '#rmi-vehiculos-inmobilizados', \n                    type: 'inline'\n                  }\n            });\n          }, delay);\n\n        e.preventDefault();\n      });\n});\n<\/script>\n\n \n\n<div id=\"rmi-comparendos\" class=\"mfp-hide mfp-content-inner lightbox-white\" style=\"max-width:1000px;padding:0px\">\n    \n     \n     <section  class=\"ux-section dark\" style=\"background-color:#0b384a!important;padding:60px 0;margin-bottom:0px!important;\">  \n      \n      \n     <div class=\"ux-section-content\">\r\n\r\n\t<div  class=\"row container custom-width \"style=\"max-width:720px\">\r\n\r\n<div class=\"small-12 text-center     large-12  columns   \"  ><div class=\"column-inner\"  >\r\n<h1 class=\"animated fadeInLeft\">RMI - Comparendos<\/h1>\r\nInformaci\u00f3n relacionada a comparendos de tr\u00e1nsito<div class=\"text-center\"><div class=\"tx-div small clearfix\" ><\/div><\/div><!-- end divider -->\r\n\r\n<\/div><\/div>\r\n\r\n<\/div>\n  \r\n\r\n<\/div>\n      \n        <\/section><!-- .ux-section -->\n\n  \r\n\r\n\n     \n     <section  class=\"ux-section\" style=\"padding:60px 0;margin-bottom:0px!important;\">  \n      \n      \n     <div class=\"ux-section-content\">\r\n\r\n\t<div  class=\"row container custom-width \"style=\"max-width:860px\">\r\n\r\n<div class=\"small-12    large-12  columns   \"  ><div class=\"column-inner\"  >\r\n\r\n<div style=\"display:block;height:30px\" class=\"clearfix\"><\/div>\r\n\r\n<h3 class=\"accordion_title\">.<\/h3><div class=\"accordion\" rel=\"0\"><div class=\"accordion-title\"><a href=\"#\">Tipo o clase de comparendos<\/a><\/div><div class=\"accordion-inner\"><p>1. Comparendo Tradicional, tambi\u00e9n llamado \"Copia Verde\", el cual es entregado por el agente de tr\u00e1nsito al momento de la infracci\u00f3n. Para realizar el pago con el 50% de descuento, tiene 5 d\u00edas h\u00e1biles siguientes a la imposici\u00f3n del comparendo para realizar el curso vial en los CIAS autorizados (consulte aqu\u00ed:\u00a0<a href=\"http:\/\/bit.ly\/3u9GvII\" target=\"_blank\" rel=\"noopener\">http:\/\/bit.ly\/3u9GvII<\/a>).\u00a0 Pague con el 25% de descuento despu\u00e9s de haberse pasado los 5 d\u00edas contando 15 d\u00edas mas y el valor total antes de cumplir los 30 d\u00edas de la infracci\u00f3n.<\/p>\n<p>2. Fotodetecci\u00f3n el cual es detectado por las c\u00e1maras ubicadas en varios puntos de la ciudad. Estos comparendos tienen 11 d\u00edas h\u00e1biles contando a partir del d\u00eda siguiente de recibido para ser cancelado con el 50% realizando el curso vial.<\/p>\n<\/div>\n<div class=\"accordion-title\"><a href=\"#\">Cambio de Infractor<\/a><\/div><div class=\"accordion-inner\"><p>Aplica solo para fotodetecci\u00f3n y se debe realizar dentro de los primeros 11 d\u00edas h\u00e1biles despu\u00e9s de entregada la notificaci\u00f3n.<br \/>\n__<br \/>\n<a href=\"https:\/\/www.consorcioctp.com\/wp-content\/uploads\/2021\/02\/cambio-de-infractor-convertido.pdf\" class=\"button medium secondary\" target=\"_blank\">Ver documentos Cambio de Infractor<\/a>\n<\/div>\n<div class=\"accordion-title\"><a href=\"#\">Formas de Pago<\/a><\/div><div class=\"accordion-inner\"><p>* Podr\u00e1 cancelar su comparendo en el banco dentro de nuestra sede o en cualquier Banco de Bogot\u00e1 a trav\u00e9s de una liquidaci\u00f3n c\u00f3digo de barras que puede solicitar en nuestra l\u00ednea de atenci\u00f3n (602) 2855999, en el chat de la p\u00e1gina web o en el chat de Facebook <a href=\"https:\/\/www.messenger.com\/t\/589402171124464\/?messaging_source=source%3Apages%3Amessage_shortlink\" target=\"_blank\" rel=\"noopener\">AQU\u00cd<\/a>.<\/p>\n<p>* Si se encuentra en otra ciudad tiene varias opciones: puede comunicarse a nuestra l\u00ednea (602) 2855999, escribir al chat de nuestra p\u00e1gina web o acercarse a una sede de tr\u00e1nsito y ubicar la ventanilla de SIMIT para realizar el pago. Tambi\u00e9n podr\u00e1 cancelar de manera virtual <a href=\"https:\/\/consulta.simit.org.co\/Simit\/indexA.jsp\" target=\"_blank\" rel=\"noopener\">AQU\u00cd<\/a>.<\/p>\n<\/div>\n<\/div>\r\n\r\n<\/div><\/div>\r\n\r\n<\/div>\n  \r\n\r\n<\/div>\n      \n        <\/section><!-- .ux-section -->\n\n  \n<\/div><!-- Lightbox-rmi-comparendos -->\n\n<script>\njQuery(document).ready(function($) {\n\n      \n      $('a[href=\"#rmi-comparendos\"]').click(function(e){\n         \/\/ Close openend lightboxes\n         var delay = 0;\n         \n         if($.magnificPopup.open){\n            $.magnificPopup.close();\n            delay = 300;\n         }\n\n         \/\/ Start lightbox\n         setTimeout(function(){\n            $.magnificPopup.open({\n                  midClick: true,\n                  removalDelay: 300,\n                  items: {\n                    src: '#rmi-comparendos', \n                    type: 'inline'\n                  }\n            });\n          }, delay);\n\n        e.preventDefault();\n      });\n});\n<\/script>\n\n","protected":false},"excerpt":{"rendered":"","protected":false},"author":12,"featured_media":0,"parent":129,"menu_order":0,"comment_status":"closed","ping_status":"closed","template":"page-blank.php","meta":{"_mi_skip_tracking":false,"_monsterinsights_sitenote_active":false,"_monsterinsights_sitenote_note":"","_monsterinsights_sitenote_category":0,"footnotes":""},"_links":{"self":[{"href":"https:\/\/www.consorcioctp.com\/index.php\/wp-json\/wp\/v2\/pages\/411"}],"collection":[{"href":"https:\/\/www.consorcioctp.com\/index.php\/wp-json\/wp\/v2\/pages"}],"about":[{"href":"https:\/\/www.consorcioctp.com\/index.php\/wp-json\/wp\/v2\/types\/page"}],"author":[{"embeddable":true,"href":"https:\/\/www.consorcioctp.com\/index.php\/wp-json\/wp\/v2\/users\/12"}],"replies":[{"embeddable":true,"href":"https:\/\/www.consorcioctp.com\/index.php\/wp-json\/wp\/v2\/comments?post=411"}],"version-history":[{"count":1,"href":"https:\/\/www.consorcioctp.com\/index.php\/wp-json\/wp\/v2\/pages\/411\/revisions"}],"predecessor-version":[{"id":6358,"href":"https:\/\/www.consorcioctp.com\/index.php\/wp-json\/wp\/v2\/pages\/411\/revisions\/6358"}],"up":[{"embeddable":true,"href":"https:\/\/www.consorcioctp.com\/index.php\/wp-json\/wp\/v2\/pages\/129"}],"wp:attachment":[{"href":"https:\/\/www.consorcioctp.com\/index.php\/wp-json\/wp\/v2\/media?parent=411"}],"curies":[{"name":"wp","href":"https:\/\/api.w.org\/{rel}","templated":true}]}}