{"id":249,"date":"2016-11-11T14:11:52","date_gmt":"2016-11-11T14:11:52","guid":{"rendered":"https:\/\/www.consorcioctp.com\/?page_id=249"},"modified":"2026-01-26T15:19:27","modified_gmt":"2026-01-26T20:19:27","slug":"contactenos","status":"publish","type":"page","link":"https:\/\/www.consorcioctp.com\/index.php\/contactenos\/","title":{"rendered":"Cont\u00e1ctenos"},"content":{"rendered":"\n<div data-elementor-type=\"wp-page\" data-elementor-id=\"249\" class=\"elementor elementor-249\">\n<section class=\"elementor-section elementor-top-section elementor-element elementor-element-577c269 elementor-section-boxed elementor-section-height-default elementor-section-height-default\" data-id=\"577c269\" data-element_type=\"section\">\n<div class=\"elementor-container elementor-column-gap-default\">\n<div class=\"elementor-column elementor-col-100 elementor-top-column elementor-element elementor-element-5d38d8d7\" data-id=\"5d38d8d7\" data-element_type=\"column\">\n<div class=\"elementor-widget-wrap elementor-element-populated\">\n<div class=\"elementor-element elementor-element-5caa652b elementor-widget elementor-widget-shortcode\" data-id=\"5caa652b\" data-element_type=\"widget\" data-widget_type=\"shortcode.default\">\n<div class=\"elementor-widget-container\">\n<div class=\"elementor-shortcode\">\n<div id=\"contactos\" class=\"row container divided \">\n<div class=\"small-12    large-8  columns   \"  >\n<div class=\"column-inner\"  >\n<div style=\"display:block;height:10px\" class=\"clearfix\"><\/div>\n<figure><iframe loading=\"lazy\" src=\"https:\/\/www.google.com\/maps\/embed?pb=!1m18!1m12!1m3!1d3982.1978178904733!2d-76.30960788536117!3d3.5417836006237557!2m3!1f0!2f0!3f0!3m2!1i1024!2i768!4f13.1!3m3!1m2!1s0x0%3A0xae9c00e99284fb71!2sSecretar%C3%ADa+de+Transito+y+Transporte+Palmira!5e0!3m2!1ses-419!2sco!4v1557869564685!5m2!1ses-419!2sco\" width=\"900\" height=\"200\" allowfullscreen=\"allowfullscreen\"><\/iframe><\/figure>\n<div class=\"small-12    large-4  columns   \"  >\n<div class=\"column-inner\"  style=\"padding:10px 5px\"><\/div>\n<\/div>\n<h3>Para mayor informaci\u00f3n:<\/h3>\n<h2 class=\"thin-font\">L\u00ednea Palmira: 6022855999<\/h2>\n<h2 class=\"thin-font\" style=\"color: #e84c50;\"><a href=\"servicioalcliente@consorcioctp.com\">servicioalcliente@consorcioctp.com<\/a><\/h2>\n<p>Horario: Lunes a Viernes 7:30 am a 5:00 pm - S\u00e1bados de 9:00 am a 12:00 m.<\/p>\n<div style=\"display:block;height:8px\" class=\"clearfix\"><\/div>\n<div class=\"tx-div full clearfix\" style=\"height:1px\"><\/div>\n<p><!-- end divider --><\/p>\n<div style=\"display:block;height:8px\" class=\"clearfix\"><\/div>\n<p class=\"nudge-bottom\" style=\"color: #444c4e;\">\n<div style=\"display:block;height:30px\" class=\"clearfix\"><\/div>\n<div style=\"display:block;height:5px\" class=\"clearfix\"><\/div>\n<\/div>\n<\/div>\n<\/div><\/div>\n<\/p><\/div>\n<\/p><\/div>\n<section class=\"elementor-section elementor-inner-section elementor-element elementor-element-f05d831 elementor-section-boxed elementor-section-height-default elementor-section-height-default\" data-id=\"f05d831\" data-element_type=\"section\">\n<div class=\"elementor-container elementor-column-gap-default\">\n<div class=\"elementor-column elementor-col-100 elementor-inner-column elementor-element elementor-element-d3f1a1a\" data-id=\"d3f1a1a\" data-element_type=\"column\">\n<div class=\"elementor-widget-wrap elementor-element-populated\">\n<div class=\"elementor-element elementor-element-adc2363 elementor-widget elementor-widget-text-editor\" data-id=\"adc2363\" data-element_type=\"widget\" data-widget_type=\"text-editor.default\">\n<div class=\"elementor-widget-container\">\n<style>\/*! elementor - v3.16.0 - 20-09-2023 *\/\n.elementor-widget-text-editor.elementor-drop-cap-view-stacked .elementor-drop-cap{background-color:#69727d;color:#fff}.elementor-widget-text-editor.elementor-drop-cap-view-framed .elementor-drop-cap{color:#69727d;border:3px solid;background-color:transparent}.elementor-widget-text-editor:not(.elementor-drop-cap-view-default) .elementor-drop-cap{margin-top:8px}.elementor-widget-text-editor:not(.elementor-drop-cap-view-default) .elementor-drop-cap-letter{width:1em;height:1em}.elementor-widget-text-editor .elementor-drop-cap{float:left;text-align:center;line-height:1;font-size:50px}.elementor-widget-text-editor .elementor-drop-cap-letter{display:inline-block}<\/style>\n<h3>Te informamos que a trav\u00e9s de nuestros canales digitales puedes acceder a los servicios de Consorcio Transito Palmira donde MOV_IT te atender\u00e1 para orientaci\u00f3n, radicaci\u00f3n de tr\u00e1mites virtuales, agendamiento y cancelaci\u00f3n de citas:<\/h3>\n<\/p><\/div>\n<\/p><\/div>\n<\/p><\/div>\n<\/p><\/div>\n<\/p><\/div>\n<\/section>\n<section class=\"elementor-section elementor-inner-section elementor-element elementor-element-704e213 elementor-section-boxed elementor-section-height-default elementor-section-height-default\" data-id=\"704e213\" data-element_type=\"section\">\n<div class=\"elementor-container elementor-column-gap-default\">\n<div class=\"elementor-column elementor-col-50 elementor-inner-column elementor-element elementor-element-c93dfe2\" data-id=\"c93dfe2\" data-element_type=\"column\">\n<div class=\"elementor-widget-wrap elementor-element-populated\">\n<div class=\"elementor-element elementor-element-20b7d6e elementor-view-default elementor-widget elementor-widget-icon\" data-id=\"20b7d6e\" data-element_type=\"widget\" id=\"whatsapp\" data-widget_type=\"icon.default\">\n<div class=\"elementor-widget-container\">\n<div class=\"elementor-icon-wrapper\">\n\t\t\t<a class=\"elementor-icon\" href=\"https:\/\/wa.me\/573234302421?text=hola\" target=\"_blank\"><br \/>\n\t\t\t<i aria-hidden=\"true\" class=\"fab fa-whatsapp\"><\/i>\t\t\t<\/a>\n\t\t<\/div>\n<\/p><\/div>\n<\/p><\/div>\n<\/p><\/div>\n<\/p><\/div>\n<div class=\"elementor-column elementor-col-50 elementor-inner-column elementor-element elementor-element-df8227a\" data-id=\"df8227a\" data-element_type=\"column\">\n<div class=\"elementor-widget-wrap elementor-element-populated\">\n<div class=\"elementor-element elementor-element-c29eec9 elementor-widget elementor-widget-html\" data-id=\"c29eec9\" data-element_type=\"widget\" id=\"canales-digitales\" data-widget_type=\"html.default\">\n<div class=\"elementor-widget-container\">\n\t\t\t<a href=\"https:\/\/wa.me\/573234302421?text=hola\" style=\"color:black; font-size: 23px\">WhatsApp 3234302421<\/a>\t\t<\/div>\n<\/p><\/div>\n<\/p><\/div>\n<\/p><\/div>\n<\/p><\/div>\n<\/section>\n<section class=\"elementor-section elementor-inner-section elementor-element elementor-element-0bd9130 elementor-section-boxed elementor-section-height-default elementor-section-height-default\" data-id=\"0bd9130\" data-element_type=\"section\">\n<div class=\"elementor-container elementor-column-gap-default\">\n<div class=\"elementor-column elementor-col-50 elementor-inner-column elementor-element elementor-element-9d9ea00\" data-id=\"9d9ea00\" data-element_type=\"column\">\n<div class=\"elementor-widget-wrap elementor-element-populated\">\n<div class=\"elementor-element elementor-element-57dbaa5 elementor-view-default elementor-widget elementor-widget-icon\" data-id=\"57dbaa5\" data-element_type=\"widget\" id=\"telegram\" data-widget_type=\"icon.default\">\n<div class=\"elementor-widget-container\">\n<div class=\"elementor-icon-wrapper\">\n\t\t\t<a class=\"elementor-icon\" href=\"https:\/\/consorcio-transito-palmira-bot.tg.pulse.is\" target=\"_blank\"><br \/>\n\t\t\t<i aria-hidden=\"true\" class=\"fab fa-telegram-plane\"><\/i>\t\t\t<\/a>\n\t\t<\/div>\n<\/p><\/div>\n<\/p><\/div>\n<\/p><\/div>\n<\/p><\/div>\n<div class=\"elementor-column elementor-col-50 elementor-inner-column elementor-element elementor-element-86a8a82\" data-id=\"86a8a82\" data-element_type=\"column\">\n<div class=\"elementor-widget-wrap elementor-element-populated\">\n<div class=\"elementor-element elementor-element-1dce26c elementor-widget__width-initial elementor-widget elementor-widget-html\" data-id=\"1dce26c\" data-element_type=\"widget\" id=\"canales-digitales\" data-widget_type=\"html.default\">\n<div class=\"elementor-widget-container\">\n\t\t\t<a href=\"https:\/\/consorcio-transito-palmira-bot.tg.pulse.is\" style=\"color:black; font-size: 23px\">@Consorcio_transito_palmira_bot<\/a>\t\t<\/div>\n<\/p><\/div>\n<\/p><\/div>\n<\/p><\/div>\n<\/p><\/div>\n<\/section>\n<section class=\"elementor-section elementor-inner-section elementor-element elementor-element-adab016 elementor-section-boxed elementor-section-height-default elementor-section-height-default\" data-id=\"adab016\" data-element_type=\"section\">\n<div class=\"elementor-container elementor-column-gap-default\">\n<div class=\"elementor-column elementor-col-50 elementor-inner-column elementor-element elementor-element-373d040\" data-id=\"373d040\" data-element_type=\"column\">\n<div class=\"elementor-widget-wrap elementor-element-populated\">\n<div class=\"elementor-element elementor-element-d493175 elementor-view-default elementor-widget elementor-widget-icon\" data-id=\"d493175\" data-element_type=\"widget\" id=\"global\" data-widget_type=\"icon.default\">\n<div class=\"elementor-widget-container\">\n<div class=\"elementor-icon-wrapper\">\n<div class=\"elementor-icon\">\n\t\t\t<i aria-hidden=\"true\" class=\"fas fa-globe\"><\/i>\t\t\t<\/div>\n<\/p><\/div>\n<\/p><\/div>\n<\/p><\/div>\n<\/p><\/div>\n<\/p><\/div>\n<div class=\"elementor-column elementor-col-50 elementor-inner-column elementor-element elementor-element-a2d6587\" data-id=\"a2d6587\" data-element_type=\"column\">\n<div class=\"elementor-widget-wrap elementor-element-populated\">\n<div class=\"elementor-element elementor-element-70bc105 elementor-widget__width-initial elementor-widget elementor-widget-html\" data-id=\"70bc105\" data-element_type=\"widget\" id=\"canales-digitales\" data-widget_type=\"html.default\">\n<div class=\"elementor-widget-container\">\n\t\t\t<a href=\"http:\/\/www.consorcioctp.com\/\" style=\"color:black; font-size: 23px\">http:\/\/www.consorcioctp.com\/<\/a>\t\t<\/div>\n<\/p><\/div>\n<\/p><\/div>\n<\/p><\/div>\n<\/p><\/div>\n<\/section>\n<div class=\"elementor-element elementor-element-37d7729 elementor-widget elementor-widget-text-editor\" data-id=\"37d7729\" data-element_type=\"widget\" data-widget_type=\"text-editor.default\">\n<div class=\"elementor-widget-container\">\n<p>Carrera 35 # 42 &#8211; 291 &#8211; Barrio Santa Teresita.<br \/>Palmira &#8211; Valle.<\/p><\/div>\n<\/p><\/div>\n<\/p><\/div>\n<\/p><\/div>\n<\/p><\/div>\n<\/section><\/div>\n","protected":false},"excerpt":{"rendered":"<p>Te informamos que a trav\u00e9s de nuestros canales digitales puedes acceder a los servicios de Consorcio Transito Palmira donde MOV_IT te atender\u00e1 para orientaci\u00f3n, radicaci\u00f3n de tr\u00e1mites virtuales, agendamiento y cancelaci\u00f3n de citas: WhatsApp 3234302421 @Consorcio_transito_palmira_bot http:\/\/www.consorcioctp.com\/ Carrera 35 # 42 &#8211; 291 &#8211; Barrio Santa Teresita.Palmira &#8211; Valle.<\/p>\n","protected":false},"author":12,"featured_media":0,"parent":0,"menu_order":0,"comment_status":"closed","ping_status":"closed","template":"page-blank.php","meta":{"_mi_skip_tracking":false,"_monsterinsights_sitenote_active":false,"_monsterinsights_sitenote_note":"","_monsterinsights_sitenote_category":0,"footnotes":""},"_links":{"self":[{"href":"https:\/\/www.consorcioctp.com\/index.php\/wp-json\/wp\/v2\/pages\/249"}],"collection":[{"href":"https:\/\/www.consorcioctp.com\/index.php\/wp-json\/wp\/v2\/pages"}],"about":[{"href":"https:\/\/www.consorcioctp.com\/index.php\/wp-json\/wp\/v2\/types\/page"}],"author":[{"embeddable":true,"href":"https:\/\/www.consorcioctp.com\/index.php\/wp-json\/wp\/v2\/users\/12"}],"replies":[{"embeddable":true,"href":"https:\/\/www.consorcioctp.com\/index.php\/wp-json\/wp\/v2\/comments?post=249"}],"version-history":[{"count":111,"href":"https:\/\/www.consorcioctp.com\/index.php\/wp-json\/wp\/v2\/pages\/249\/revisions"}],"predecessor-version":[{"id":7113,"href":"https:\/\/www.consorcioctp.com\/index.php\/wp-json\/wp\/v2\/pages\/249\/revisions\/7113"}],"wp:attachment":[{"href":"https:\/\/www.consorcioctp.com\/index.php\/wp-json\/wp\/v2\/media?parent=249"}],"curies":[{"name":"wp","href":"https:\/\/api.w.org\/{rel}","templated":true}]}}