{"id":222,"date":"2016-11-11T13:40:50","date_gmt":"2016-11-11T13:40:50","guid":{"rendered":"https:\/\/www.consorcioctp.com\/?page_id=222"},"modified":"2023-10-04T10:51:43","modified_gmt":"2023-10-04T15:51:43","slug":"quienes-somos","status":"publish","type":"page","link":"https:\/\/www.consorcioctp.com\/index.php\/quienes-somos\/","title":{"rendered":"Quienes Somos"},"content":{"rendered":"<div style=\"display:block;height:30px\" class=\"clearfix\"><\/div>\n\n     \n     <section  class=\"ux-section\" style=\"padding:0px 0;margin-bottom:0px!important;\">  \n      \n      \n     <div class=\"ux-section-content\">\n\t<div  class=\"row container divided \">\n<div class=\"small-12    large-8  columns   \"  ><div class=\"column-inner\"  >\n   <div id=\"banner_72271595\" class=\"ux_banner light    \"  style=\"height:600px; \" data-height=\"600px\" role=\"banner\">\n                                  <div class=\"banner-bg \"  style=\"background-image:url('https:\/\/www.consorcioctp.com\/wp-content\/uploads\/2016\/11\/fotoSedePalmira.jpg'); \"><img src=\"https:\/\/www.consorcioctp.com\/wp-content\/uploads\/2016\/11\/fotoSedePalmira.jpg\"  alt=\"\" style=\"visibility:hidden;\" \/><\/div>\n                             <div class=\"row\" >\n          <div class=\"inner far-left center text-left \"  style=\"width:40%;\">\n            <div class=\"inner-wrap animated fadeIn\" style=\" \">\n                          <\/div>\n          <\/div>  \n        <\/div>\n                     <\/div><!-- end .ux_banner -->\n\n<div style=\"display:block;height:30px\" class=\"clearfix\"><\/div>\n\n\t\t<div class=\"tabbed-content shortcode_tabgroup pos_normal\">\n\t\t\t\n\t\t\t<ul class=\"tabs\"><li class=\"tab active\"><a href=\"#panel13681375581\">Quienes Somos<\/a><\/li>\n<li class=\"tab\"><a href=\"#panel13681375582\">Mision<\/a><\/li>\n<li class=\"tab\"><a href=\"#panel13681375583\">Vision<\/a><\/li>\n<li class=\"tab\"><a href=\"#panel13681375584\">Valores Corporativos<\/a><\/li><\/ul><div class=\"panels\"><div class=\"panel active\" id=\"panel13681375581\"><p style=\"text-align: justify;\">El <strong>CONSORCIO TR\u00c1NSITO PALMIRA<\/strong> es una entidad privada, especializada en la prestaci\u00f3n de servicios de tr\u00e1nsito y movilidad. Inici\u00f3 su gesti\u00f3n en el desarrollo del Contrato de Concesi\u00f3n No. MP 788 suscrito por el Consorcio Tr\u00e1nsito de Palmira y el Municipio de Palmira (SM), con el objeto de contratar, mediante la modalidad de concesi\u00f3n, la operaci\u00f3n y prestaci\u00f3n de los servicios de los tr\u00e1mites registrales de tr\u00e1nsito, correspondientes a los registros de automotores, de infractores, de conductores, la modernizaci\u00f3n tecnol\u00f3gica de los sistemas de regulaci\u00f3n y control vial, y la operaci\u00f3n de los patios y gr\u00faas para la inmovilizaci\u00f3n de veh\u00edculos infractores, incluyendo, el suministro de software, hardware, adecuaciones f\u00edsicas, muebles y enseres, as\u00ed como la prestaci\u00f3n de los servicios de contac center asociados a tales registros.<\/p>\n<p style=\"text-align: justify;\">El contrato se firm\u00f3 el d\u00eda 23 de noviembre de 2012 para ejecutarse en un periodo de doce a\u00f1os, abriendo sus puertas al p\u00fablico el d\u00eda 13 enero de 2013; tres a\u00f1os despu\u00e9s, en enero de 2016, <strong>CTP (Consorcio Tr\u00e1nsito Palmira)<\/strong>, se certific\u00f3 en la norma de gesti\u00f3n de calidad ISO 9001, como resultado del compromiso, la seguridad y la calidad de sus operaciones y atenci\u00f3n al cliente.<\/p>\n<\/div>\n<div class=\"panel\" id=\"panel13681375582\"><p>Ejecutar el contrato que tenemos con la Alcald\u00eda de Palmira, desarrollando diariamente acciones relacionadas con la seguridad del registro y la oportunidad en la atenci\u00f3n, que supere las expectativas de los usuarios, la Alcald\u00eda y nuestro equipo de trabajo.<\/p>\n<\/div>\n<div class=\"panel\" id=\"panel13681375583\"><p>Ser reconocidos como el mejor operador de tr\u00e1mites de tr\u00e1nsito del pa\u00eds. Esto gracias a la calidad de la informaci\u00f3n, los tiempos de procesamiento y la agilidad en la atenci\u00f3n.<\/p>\n<\/div>\n<div class=\"panel\" id=\"panel13681375584\"><p><img decoding=\"async\" loading=\"lazy\" class=\"alignnone size-medium wp-image-689\" src=\"https:\/\/www.consorcioctp.com\/wp-content\/uploads\/2016\/11\/Valores_Corporativos-800x548.png\" alt=\"valores_corporativos\" width=\"800\" height=\"548\" srcset=\"https:\/\/www.consorcioctp.com\/wp-content\/uploads\/2016\/11\/Valores_Corporativos-800x548.png 800w, https:\/\/www.consorcioctp.com\/wp-content\/uploads\/2016\/11\/Valores_Corporativos-768x526.png 768w, https:\/\/www.consorcioctp.com\/wp-content\/uploads\/2016\/11\/Valores_Corporativos.png 866w\" sizes=\"(max-width: 800px) 100vw, 800px\" \/><\/p>\n<\/div><\/div><\/div>\n<\/div><\/div>\n<div class=\"small-12 text-center     large-4  columns   \"  ><div class=\"column-inner\"  >\n\n     \n     <section  class=\"ux-section\" style=\"padding:60px 0;margin-bottom:0px!important;\">  \n      \n      \n     <div class=\"ux-section-content\">\r\n<h2 style=\"font-size: 36px;\"><img class=\"alignnone size-full wp-image-3494\" src=\"https:\/\/www.consorcioctp.com\/wp-content\/uploads\/2016\/11\/Ventanilla-Virtual.jpg\" alt=\"Ventanilla-Virtual\" width=\"589\" height=\"50\" \/><\/h2>\r\n<a href=\"https:\/\/www.consorcioctp.com\/index.php\/boton-de-pago\/\"><img class=\"btn-consulta-multas alignnone wp-image-3474 size-full\" src=\"https:\/\/www.consorcioctp.com\/wp-content\/uploads\/2016\/11\/BotonesVentanillaVirtual-CTP-20202-2.png\" alt=\"BotonesVentanillaVirtual-CTP-2020(2)\" width=\"240\" height=\"70\" \/><\/a> <a href=\"http:\/\/bit.ly\/2FxWWWN\"><img class=\"alignnone wp-image-3475 size-full btn-consulta-valor-codigo-infraccion\" src=\"https:\/\/www.consorcioctp.com\/wp-content\/uploads\/2016\/11\/BotonesVentanillaVirtual-CTP-20203-2.png\" alt=\"BotonesVentanillaVirtual-CTP-2020(3)\" width=\"240\" height=\"70\" \/><\/a>\r\n\r\n<a href=\"http:\/\/bit.ly\/2FCSkzD\" target=\"_blank\" rel=\"noopener\"><img class=\"btn-estado-vehiculo alignnone wp-image-3473 size-full\" src=\"https:\/\/www.consorcioctp.com\/wp-content\/uploads\/2016\/11\/BotonesVentanillaVirtual-CTP-20201-2.png\" alt=\"BotonesVentanillaVirtual-CTP-2020(1)\" width=\"240\" height=\"70\" \/><\/a> <a href=\"http:\/\/bit.ly\/2HWzzc1\" target=\"_blank\" rel=\"noopener\"><img class=\"btn-licencias-conduccion alignnone wp-image-3476 size-full\" src=\"https:\/\/www.consorcioctp.com\/wp-content\/uploads\/2016\/11\/BotonesVentanillaVirtual-CTP-20204-2.png\" alt=\"BotonesVentanillaVirtual-CTP-2020(4)\" width=\"240\" height=\"70\" \/><\/a>\r\n\r\n<a href=\"https:\/\/bit.ly\/2Lq2qcC\" target=\"_blank\" rel=\"noopener\"><img class=\"btn-consulta-simit alignnone wp-image-3477 size-full\" src=\"https:\/\/www.consorcioctp.com\/wp-content\/uploads\/2016\/11\/BotonesVentanillaVirtual-CTP-20205-1.png\" alt=\"BotonesVentanillaVirtual-CTP-2020(5)\" width=\"240\" height=\"70\" \/><\/a>\r\n\r\n<a href=\"https:\/\/chatctp.mcc.com.co\/\" target=\"_blank\" rel=\"noopener\"><img class=\"btn-descargue-croquis alignnone wp-image-3989 size-full\" src=\"https:\/\/www.consorcioctp.com\/wp-content\/uploads\/2016\/11\/Boton2.png\" width=\"240\" height=\"70\" \/><\/a>\r\n\r\n<a href=\"http:\/\/bit.ly\/2utp1JC\" target=\"_blank\" rel=\"noopener\"><img class=\"alignnone wp-image-3485 size-full\" src=\"https:\/\/www.consorcioctp.com\/wp-content\/uploads\/2016\/11\/BotonesVentanillaVirtual-CTP-202013.png\" width=\"240\" height=\"70\" \/><\/a> <a href=\"https:\/\/bit.ly\/3p3KnZ8\" target=\"_blank\" rel=\"noopener\"><img class=\"btn-impuesto-vehiculos-valle-cauca alignnone wp-image-3479 size-full\" src=\"https:\/\/www.consorcioctp.com\/wp-content\/uploads\/2016\/11\/BotonesVentanillaVirtual-CTP-20207-1.png\" alt=\"BotonesVentanillaVirtual-CTP-2020(7)\" width=\"240\" height=\"70\" \/><\/a>\r\n\r\n<a href=\"http:\/\/bit.ly\/2HJXOuZ\"><img class=\"alignnone wp-image-3480 size-full btn-comunidad-virtual-ctp\" src=\"https:\/\/www.consorcioctp.com\/wp-content\/uploads\/2016\/11\/BotonesVentanillaVirtual-CTP-20208.png\" alt=\"BotonesVentanillaVirtual-CTP-2020(8)\" width=\"240\" height=\"70\" \/><\/a> <a href=\"http:\/\/bit.ly\/2W5X2LV\"><img class=\"alignnone wp-image-3481 size-full btn-agende-su-cita\" src=\"https:\/\/www.consorcioctp.com\/wp-content\/uploads\/2016\/11\/BotonesVentanillaVirtual-CTP-20209.png\" alt=\"BotonesVentanillaVirtual-CTP-2020(9)\" width=\"240\" height=\"70\" \/><\/a>\r\n\r\n<a href=\"http:\/\/bit.ly\/2uwiP3v\" target=\"_blank\" rel=\"noopener\"><img class=\"btn-calculo-avaluo-vehiculo alignnone wp-image-3482 size-full\" src=\"https:\/\/www.consorcioctp.com\/wp-content\/uploads\/2016\/11\/BotonesVentanillaVirtual-CTP-202010.png\" alt=\"BotonesVentanillaVirtual-CTP-2020(10)\" width=\"240\" height=\"70\" \/><\/a> <a href=\"http:\/\/bit.ly\/2UWR1AU\"><img class=\"alignnone wp-image-3483 size-full btn-traslado-documentos\" src=\"https:\/\/www.consorcioctp.com\/wp-content\/uploads\/2016\/11\/BotonesVentanillaVirtual-CTP-202011.png\" alt=\"BotonesVentanillaVirtual-CTP-2020(11)\" width=\"240\" height=\"70\" \/><\/a>\r\n\r\n<a href=\"http:\/\/bit.ly\/2CGffbM\"><img class=\"alignnone wp-image-3484 size-full btn-estado-tramite\" src=\"https:\/\/www.consorcioctp.com\/wp-content\/uploads\/2016\/11\/BotonesVentanillaVirtual-CTP-202012.png\" alt=\"BotonesVentanillaVirtual-CTP-2020(12)\" width=\"240\" height=\"70\" \/><\/a><a href=\"http:\/\/bit.ly\/2FH0BTz\"> <img class=\"alignnone wp-image-3488 size-full btn-consulta-placas\" src=\"https:\/\/www.consorcioctp.com\/wp-content\/uploads\/2016\/11\/BotonesVentanillaVirtual-CTP-202016.png\" alt=\"BotonesVentanillaVirtual-CTP-2020(16)\" width=\"240\" height=\"70\" \/><\/a>\r\n\r\n&nbsp;\r\n\r\n<\/div>\n      \n        <\/section><!-- .ux-section -->\n\n  \n<\/div><\/div>\n<\/div>\n  \n<\/div>\n      \n        <\/section><!-- .ux-section -->\n\n  \n","protected":false},"excerpt":{"rendered":"","protected":false},"author":12,"featured_media":0,"parent":0,"menu_order":0,"comment_status":"closed","ping_status":"closed","template":"page-blank.php","meta":{"_mi_skip_tracking":false,"_monsterinsights_sitenote_active":false,"_monsterinsights_sitenote_note":"","_monsterinsights_sitenote_category":0,"footnotes":""},"_links":{"self":[{"href":"https:\/\/www.consorcioctp.com\/index.php\/wp-json\/wp\/v2\/pages\/222"}],"collection":[{"href":"https:\/\/www.consorcioctp.com\/index.php\/wp-json\/wp\/v2\/pages"}],"about":[{"href":"https:\/\/www.consorcioctp.com\/index.php\/wp-json\/wp\/v2\/types\/page"}],"author":[{"embeddable":true,"href":"https:\/\/www.consorcioctp.com\/index.php\/wp-json\/wp\/v2\/users\/12"}],"replies":[{"embeddable":true,"href":"https:\/\/www.consorcioctp.com\/index.php\/wp-json\/wp\/v2\/comments?post=222"}],"version-history":[{"count":1,"href":"https:\/\/www.consorcioctp.com\/index.php\/wp-json\/wp\/v2\/pages\/222\/revisions"}],"predecessor-version":[{"id":6349,"href":"https:\/\/www.consorcioctp.com\/index.php\/wp-json\/wp\/v2\/pages\/222\/revisions\/6349"}],"wp:attachment":[{"href":"https:\/\/www.consorcioctp.com\/index.php\/wp-json\/wp\/v2\/media?parent=222"}],"curies":[{"name":"wp","href":"https:\/\/api.w.org\/{rel}","templated":true}]}}