{"id":1839,"date":"2018-06-21T13:52:04","date_gmt":"2018-06-21T13:52:04","guid":{"rendered":"https:\/\/www.consorcioctp.com\/?page_id=1839"},"modified":"2023-08-04T16:34:16","modified_gmt":"2023-08-04T16:34:16","slug":"1839-2","status":"publish","type":"page","link":"https:\/\/www.consorcioctp.com\/index.php\/1839-2\/","title":{"rendered":"Resoluci\u00f3n para veh\u00edculos inmovilizados en Patios Oficiales"},"content":{"rendered":"<div style=\"display:block;height:30px\" class=\"clearfix\"><\/div>\n<p>La Resoluci\u00f3n No 1171.13.3.1039 de Junio 15 de 2018, \u201cPor medio de la cual se contin\u00faa con la campa\u00f1a de retiro de veh\u00edculos inmovilizados en los Patios Oficiales de Palmira\u201d.<div style=\"display:block;height:30px\" class=\"clearfix\"><\/div>\n<a href=\"https:\/\/www.consorcioctp.com\/wp-content\/uploads\/2018\/06\/scanResoluci\u00f3n_1171.13.3.1039_Continuaci\u00f3n_listado_parcial_veh\u00edculos_inmovilizados.pdf\" class=\"button  success alt-button\" >Descarga la Resoluci\u00f3n<\/a>\n<p>&nbsp;<\/p>\n<p>&nbsp;<\/p>\n","protected":false},"excerpt":{"rendered":"<p>La Resoluci\u00f3n No 1171.13.3.1039 de Junio 15 de 2018, \u201cPor medio de la cual se contin\u00faa con la campa\u00f1a de retiro de veh\u00edculos inmovilizados en los Patios Oficiales de Palmira\u201d. &nbsp; &nbsp;<\/p>\n","protected":false},"author":8,"featured_media":0,"parent":0,"menu_order":0,"comment_status":"closed","ping_status":"closed","template":"","meta":{"_mi_skip_tracking":false,"_monsterinsights_sitenote_active":false,"_monsterinsights_sitenote_note":"","_monsterinsights_sitenote_category":0,"footnotes":""},"_links":{"self":[{"href":"https:\/\/www.consorcioctp.com\/index.php\/wp-json\/wp\/v2\/pages\/1839"}],"collection":[{"href":"https:\/\/www.consorcioctp.com\/index.php\/wp-json\/wp\/v2\/pages"}],"about":[{"href":"https:\/\/www.consorcioctp.com\/index.php\/wp-json\/wp\/v2\/types\/page"}],"author":[{"embeddable":true,"href":"https:\/\/www.consorcioctp.com\/index.php\/wp-json\/wp\/v2\/users\/8"}],"replies":[{"embeddable":true,"href":"https:\/\/www.consorcioctp.com\/index.php\/wp-json\/wp\/v2\/comments?post=1839"}],"version-history":[{"count":0,"href":"https:\/\/www.consorcioctp.com\/index.php\/wp-json\/wp\/v2\/pages\/1839\/revisions"}],"wp:attachment":[{"href":"https:\/\/www.consorcioctp.com\/index.php\/wp-json\/wp\/v2\/media?parent=1839"}],"curies":[{"name":"wp","href":"https:\/\/api.w.org\/{rel}","templated":true}]}}